{"id":22254,"date":"2022-10-07T21:27:31","date_gmt":"2022-10-07T21:27:31","guid":{"rendered":"https:\/\/dgvision.com.tr\/?post_type=product&#038;p=22254"},"modified":"2026-03-09T14:29:16","modified_gmt":"2026-03-09T12:29:16","slug":"larissa","status":"publish","type":"product","link":"http:\/\/dgvision.com.tr\/en\/product\/larissa\/","title":{"rendered":"LARISSA"},"content":{"rendered":"<p><img fetchpriority=\"high\" decoding=\"async\" class=\"alignnone wp-image-25938\" src=\"https:\/\/dgvision.com.tr\/wp-content\/uploads\/2022\/10\/larissa-teknik-640x212.png\" alt=\"\" width=\"912\" height=\"302\" srcset=\"https:\/\/dgvision.com.tr\/wp-content\/uploads\/2022\/10\/larissa-teknik-640x212.png 640w, https:\/\/dgvision.com.tr\/wp-content\/uploads\/2022\/10\/larissa-teknik-768x254.png 768w, https:\/\/dgvision.com.tr\/wp-content\/uploads\/2022\/10\/larissa-teknik-370x122.png 370w, https:\/\/dgvision.com.tr\/wp-content\/uploads\/2022\/10\/larissa-teknik-840x278.png 840w, https:\/\/dgvision.com.tr\/wp-content\/uploads\/2022\/10\/larissa-teknik-410x136.png 410w, https:\/\/dgvision.com.tr\/wp-content\/uploads\/2022\/10\/larissa-teknik-600x198.png 600w, https:\/\/dgvision.com.tr\/wp-content\/uploads\/2022\/10\/larissa-teknik.png 1216w\" sizes=\"(max-width: 912px) 100vw, 912px\" \/><\/p>","protected":false},"excerpt":{"rendered":"<div class=\"bt_bb_text\">\n<div class=\"page\" title=\"Page 9\">\n<div class=\"section\">\n<div class=\"layoutArea\">\n<div class=\"column\">\n<div class=\"page\" title=\"Page 11\">\n<div class=\"section\">\n<div class=\"layoutArea\">\n<div class=\"column\">\n<header class=\"bt_bb_headline bt_bb_dash_bottom bt_bb_size_normal bt_bb_subheadline bt_bb_align_inherit\">\n<pre class=\"bt_bb_headline_subheadline\"><em>\u0130nceli\u011fin ve zarifli\u011fin temas\u0131..<\/em><\/pre>\n<\/header>\n<p>Larissa, bir mu\u0308hendislik harikas\u0131 olarak sizlerin kars\u0327\u0131s\u0131na c\u0327\u0131k\u0131yor. Dilim adedi ile dilim incelig\u0306i aras\u0131ndaki orant\u0131 ince hesaplara dayan\u0131yor. Kars\u0327\u0131t hava prensibi ile c\u0327al\u0131s\u0327an radyato\u0308ru\u0308mu\u0308z ince ve zarif go\u0308ru\u0308nu\u0308mu\u0308 olsa da, teknolojik yap\u0131s\u0131 gereg\u0306i hic\u0327 umulmayacak yu\u0308ksek \u0131s\u0131 performans\u0131 sag\u0306layabiliyor.<\/p>\n<\/div>\n<\/div>\n<\/div>\n<\/div>\n<\/div>\n<\/div>\n<\/div>\n<\/div>\n<\/div>\n<div class=\"bt_bb_separator bt_bb_border_style_none bt_bb_top_spacing_normal bt_bb_bottom_spacing_normal\" data-bt-override-class=\"null\"><\/div>\n<div class=\"bt_bb_text\">\n<div class=\"page\" title=\"Page 9\">\n<table>\n<colgroup>\n<col \/>\n<col \/><\/colgroup>\n<tbody>\n<tr>\n<td>\n<div class=\"layoutArea\">\n<div class=\"column\">\n<p>Dilim Genis\u0327lig\u0306i \/ Slice Width<\/p>\n<\/div>\n<\/div>\n<\/td>\n<td>\n<div class=\"layoutArea\">\n<div class=\"column\">\n<p>40 mm<\/p>\n<\/div>\n<\/div>\n<\/td>\n<\/tr>\n<tr>\n<td>\n<div class=\"layoutArea\">\n<div class=\"column\">\n<p>Kal\u0131nl\u0131g\u0306\u0131 \/ Thickness<\/p>\n<\/div>\n<\/div>\n<\/td>\n<td>\n<div class=\"layoutArea\">\n<div class=\"column\">\n<p>30 mm<\/p>\n<\/div>\n<\/div>\n<\/td>\n<\/tr>\n<tr>\n<td>\n<div class=\"layoutArea\">\n<div class=\"column\">\n<p>Radyato\u0308r Boyu \/ Radiator Length<\/p>\n<\/div>\n<\/div>\n<\/td>\n<td>\n<div class=\"layoutArea\">\n<div class=\"column\">\n<p>(Dilim say\u0131s\u0131 \/ Number of slices X 50) + 6 mm<\/p>\n<\/div>\n<\/div>\n<\/td>\n<\/tr>\n<tr>\n<td>\n<div class=\"layoutArea\">\n<div class=\"column\">\n<p>Bag\u0306lant\u0131 C\u0327ap\u0131 \/ Connection Diameter<\/p>\n<\/div>\n<\/div>\n<\/td>\n<td>\n<div class=\"layoutArea\">\n<div class=\"column\">\n<p>1\/2\u201d<\/p>\n<\/div>\n<\/div>\n<\/td>\n<\/tr>\n<tr>\n<td>\n<div class=\"layoutArea\">\n<div class=\"column\">\n<p>Eksenler Aras\u0131 O\u0308lc\u0327u\u0308 \/ Axe Distance<\/p>\n<\/div>\n<\/div>\n<\/td>\n<td>\n<div class=\"layoutArea\">\n<div class=\"column\">\n<p>Yu\u0308kseklik \/ Height \u2013 40 mm<\/p>\n<\/div>\n<\/div>\n<\/td>\n<\/tr>\n<tr>\n<td>\n<div class=\"layoutArea\">\n<div class=\"column\">\n<p>Duvar \u2013 Eksen O\u0308lc\u0327u\u0308su\u0308 \/ Wall-Axe Distance<\/p>\n<\/div>\n<\/div>\n<\/td>\n<td>\n<div class=\"layoutArea\">\n<div class=\"column\">\n<p>70 mm<\/p>\n<\/div>\n<\/div>\n<\/td>\n<\/tr>\n<tr>\n<td>\n<div class=\"layoutArea\">\n<div class=\"column\">\n<p>Duvar \u2013 Radyato\u0308r O\u0308nu\u0308 \/ Radiator Front<\/p>\n<\/div>\n<\/div>\n<\/td>\n<td>\n<div class=\"layoutArea\">\n<div class=\"column\">\n<p>85 mm<\/p>\n<\/div>\n<\/div>\n<\/td>\n<\/tr>\n<\/tbody>\n<\/table>\n<\/div>\n<\/div>","protected":false},"featured_media":25939,"comment_status":"open","ping_status":"closed","template":"","meta":[],"product_brand":[],"product_cat":[218],"product_tag":[],"class_list":{"0":"post-22254","1":"product","2":"type-product","3":"status-publish","4":"has-post-thumbnail","6":"product_cat-aluminyum-radyator","8":"first","9":"instock","10":"shipping-taxable","11":"product-type-simple"},"_links":{"self":[{"href":"http:\/\/dgvision.com.tr\/en\/wp-json\/wp\/v2\/product\/22254","targetHints":{"allow":["GET"]}}],"collection":[{"href":"http:\/\/dgvision.com.tr\/en\/wp-json\/wp\/v2\/product"}],"about":[{"href":"http:\/\/dgvision.com.tr\/en\/wp-json\/wp\/v2\/types\/product"}],"replies":[{"embeddable":true,"href":"http:\/\/dgvision.com.tr\/en\/wp-json\/wp\/v2\/comments?post=22254"}],"wp:featuredmedia":[{"embeddable":true,"href":"http:\/\/dgvision.com.tr\/en\/wp-json\/wp\/v2\/media\/25939"}],"wp:attachment":[{"href":"http:\/\/dgvision.com.tr\/en\/wp-json\/wp\/v2\/media?parent=22254"}],"wp:term":[{"taxonomy":"product_brand","embeddable":true,"href":"http:\/\/dgvision.com.tr\/en\/wp-json\/wp\/v2\/product_brand?post=22254"},{"taxonomy":"product_cat","embeddable":true,"href":"http:\/\/dgvision.com.tr\/en\/wp-json\/wp\/v2\/product_cat?post=22254"},{"taxonomy":"product_tag","embeddable":true,"href":"http:\/\/dgvision.com.tr\/en\/wp-json\/wp\/v2\/product_tag?post=22254"}],"curies":[{"name":"wp","href":"https:\/\/api.w.org\/{rel}","templated":true}]}}