{"id":22253,"date":"2022-10-07T21:27:26","date_gmt":"2022-10-07T21:27:26","guid":{"rendered":"https:\/\/dgvision.com.tr\/?post_type=product&#038;p=22253"},"modified":"2026-03-09T14:29:06","modified_gmt":"2026-03-09T12:29:06","slug":"asteria","status":"publish","type":"product","link":"http:\/\/dgvision.com.tr\/en\/product\/asteria\/","title":{"rendered":"ASTERIA"},"content":{"rendered":"<p>&nbsp;<\/p>\n<p><img fetchpriority=\"high\" decoding=\"async\" class=\"alignnone wp-image-25948\" src=\"https:\/\/dgvision.com.tr\/wp-content\/uploads\/2022\/10\/Asteria-2-640x197.png\" alt=\"\" width=\"838\" height=\"258\" srcset=\"https:\/\/dgvision.com.tr\/wp-content\/uploads\/2022\/10\/Asteria-2-640x197.png 640w, https:\/\/dgvision.com.tr\/wp-content\/uploads\/2022\/10\/Asteria-2-1280x394.png 1280w, https:\/\/dgvision.com.tr\/wp-content\/uploads\/2022\/10\/Asteria-2-768x236.png 768w, https:\/\/dgvision.com.tr\/wp-content\/uploads\/2022\/10\/Asteria-2-370x114.png 370w, https:\/\/dgvision.com.tr\/wp-content\/uploads\/2022\/10\/Asteria-2-840x258.png 840w, https:\/\/dgvision.com.tr\/wp-content\/uploads\/2022\/10\/Asteria-2-410x126.png 410w, https:\/\/dgvision.com.tr\/wp-content\/uploads\/2022\/10\/Asteria-2-600x185.png 600w, https:\/\/dgvision.com.tr\/wp-content\/uploads\/2022\/10\/Asteria-2.png 1310w\" sizes=\"(max-width: 838px) 100vw, 838px\" \/><\/p>","protected":false},"excerpt":{"rendered":"<div class=\"bt_bb_text\">\n<div class=\"page\" title=\"Page 13\">\n<div class=\"section\">\n<div class=\"layoutArea\">\n<div class=\"column\">\n<header class=\"bt_bb_headline bt_bb_dash_bottom bt_bb_size_normal bt_bb_subheadline bt_bb_align_inherit\">\n<pre class=\"bt_bb_headline_subheadline\"><em>Mekanlar\u0131n\u0131z\u0131 estetikle \u0131s\u0131t\u0131n..<\/em><\/pre>\n<\/header>\n<p>Asteria mu\u0308hendislerimiz taraf\u0131ndan, yumus\u0327ak hatlar\u0131yla mekanlar\u0131n\u0131za, estetik katacak bir u\u0308ru\u0308n olarak tasarlanm\u0131s\u0327t\u0131r. Her iki yu\u0308zu\u0308 birden kullan\u0131labilen Asteria, zarif kapak tasar\u0131m\u0131yla bu\u0308tu\u0308nlu\u0308k arzeder. Is\u0131 verimlilig\u0306i ve renk sec\u0327enekleriyle tasarruf ve yarat\u0131c\u0131l\u0131g\u0306\u0131 bulus\u0327turur.<\/p>\n<\/div>\n<\/div>\n<\/div>\n<\/div>\n<\/div>\n<div class=\"bt_bb_separator bt_bb_border_style_none bt_bb_top_spacing_normal bt_bb_bottom_spacing_normal\" data-bt-override-class=\"null\"><\/div>\n<div class=\"bt_bb_text\">\n<div class=\"page\" title=\"Page 13\">\n<table>\n<colgroup>\n<col \/>\n<col \/><\/colgroup>\n<tbody>\n<tr>\n<td>\n<div class=\"layoutArea\">\n<div class=\"column\">\n<p>Dilim Genis\u0327lig\u0306i \/ Slice Width<\/p>\n<\/div>\n<\/div>\n<\/td>\n<td>\n<div class=\"layoutArea\">\n<div class=\"column\">\n<p>50 mm<\/p>\n<\/div>\n<\/div>\n<\/td>\n<\/tr>\n<tr>\n<td>\n<div class=\"layoutArea\">\n<div class=\"column\">\n<p>Kal\u0131nl\u0131g\u0306\u0131 \/ Thickness<\/p>\n<\/div>\n<\/div>\n<\/td>\n<td>\n<div class=\"layoutArea\">\n<div class=\"column\">\n<p>50 mm<\/p>\n<\/div>\n<\/div>\n<\/td>\n<\/tr>\n<tr>\n<td>\n<div class=\"layoutArea\">\n<div class=\"column\">\n<p>Radyato\u0308r Boyu \/ Radiator Length<\/p>\n<\/div>\n<\/div>\n<\/td>\n<td>\n<div class=\"layoutArea\">\n<div class=\"column\">\n<p>(Dilim say\u0131s\u0131 \/ Number of slices X 50) + 6 mm<\/p>\n<\/div>\n<\/div>\n<\/td>\n<\/tr>\n<tr>\n<td>\n<div class=\"layoutArea\">\n<div class=\"column\">\n<p>Bag\u0306lant\u0131 C\u0327ap\u0131 \/ Connection Diameter<\/p>\n<\/div>\n<\/div>\n<\/td>\n<td>\n<div class=\"layoutArea\">\n<div class=\"column\">\n<p>1\/2\u201d<\/p>\n<\/div>\n<\/div>\n<\/td>\n<\/tr>\n<tr>\n<td>\n<div class=\"layoutArea\">\n<div class=\"column\">\n<p>Eksenler Aras\u0131 O\u0308lc\u0327u\u0308 \/ Axe Distance<\/p>\n<\/div>\n<\/div>\n<\/td>\n<td>\n<div class=\"layoutArea\">\n<div class=\"column\">\n<p>Yu\u0308kseklik \/ Height \u2013 40 mm<\/p>\n<\/div>\n<\/div>\n<\/td>\n<\/tr>\n<tr>\n<td>\n<div class=\"layoutArea\">\n<div class=\"column\">\n<p>Duvar \u2013 Eksen O\u0308lc\u0327u\u0308su\u0308 \/ Wall-Axe Distance<\/p>\n<\/div>\n<\/div>\n<\/td>\n<td>\n<div class=\"layoutArea\">\n<div class=\"column\">\n<p>50\/70 mm<\/p>\n<\/div>\n<\/div>\n<\/td>\n<\/tr>\n<tr>\n<td>\n<div class=\"layoutArea\">\n<div class=\"column\">\n<p>Duvar \u2013 Radyato\u0308r O\u0308nu\u0308 \/ Radiator Front<\/p>\n<\/div>\n<\/div>\n<\/td>\n<td>\n<div class=\"layoutArea\">\n<div class=\"column\">\n<p>75\/95 mm<\/p>\n<\/div>\n<\/div>\n<\/td>\n<\/tr>\n<\/tbody>\n<\/table>\n<\/div>\n<\/div>","protected":false},"featured_media":25950,"comment_status":"open","ping_status":"closed","template":"","meta":[],"product_brand":[],"product_cat":[218],"product_tag":[],"class_list":{"0":"post-22253","1":"product","2":"type-product","3":"status-publish","4":"has-post-thumbnail","6":"product_cat-aluminyum-radyator","8":"first","9":"instock","10":"shipping-taxable","11":"product-type-simple"},"_links":{"self":[{"href":"http:\/\/dgvision.com.tr\/en\/wp-json\/wp\/v2\/product\/22253","targetHints":{"allow":["GET"]}}],"collection":[{"href":"http:\/\/dgvision.com.tr\/en\/wp-json\/wp\/v2\/product"}],"about":[{"href":"http:\/\/dgvision.com.tr\/en\/wp-json\/wp\/v2\/types\/product"}],"replies":[{"embeddable":true,"href":"http:\/\/dgvision.com.tr\/en\/wp-json\/wp\/v2\/comments?post=22253"}],"wp:featuredmedia":[{"embeddable":true,"href":"http:\/\/dgvision.com.tr\/en\/wp-json\/wp\/v2\/media\/25950"}],"wp:attachment":[{"href":"http:\/\/dgvision.com.tr\/en\/wp-json\/wp\/v2\/media?parent=22253"}],"wp:term":[{"taxonomy":"product_brand","embeddable":true,"href":"http:\/\/dgvision.com.tr\/en\/wp-json\/wp\/v2\/product_brand?post=22253"},{"taxonomy":"product_cat","embeddable":true,"href":"http:\/\/dgvision.com.tr\/en\/wp-json\/wp\/v2\/product_cat?post=22253"},{"taxonomy":"product_tag","embeddable":true,"href":"http:\/\/dgvision.com.tr\/en\/wp-json\/wp\/v2\/product_tag?post=22253"}],"curies":[{"name":"wp","href":"https:\/\/api.w.org\/{rel}","templated":true}]}}