{"id":22252,"date":"2022-10-07T21:27:21","date_gmt":"2022-10-07T21:27:21","guid":{"rendered":"https:\/\/dgvision.com.tr\/?post_type=product&#038;p=22252"},"modified":"2026-03-09T15:36:03","modified_gmt":"2026-03-09T13:36:03","slug":"ardore","status":"publish","type":"product","link":"http:\/\/dgvision.com.tr\/en\/product\/ardore\/","title":{"rendered":"ARDORE"},"content":{"rendered":"<p><img fetchpriority=\"high\" decoding=\"async\" class=\"alignnone wp-image-25960\" src=\"https:\/\/dgvision.com.tr\/wp-content\/uploads\/2022\/10\/ardore-640x210.png\" alt=\"\" width=\"896\" height=\"294\" srcset=\"https:\/\/dgvision.com.tr\/wp-content\/uploads\/2022\/10\/ardore-640x210.png 640w, https:\/\/dgvision.com.tr\/wp-content\/uploads\/2022\/10\/ardore-768x252.png 768w, https:\/\/dgvision.com.tr\/wp-content\/uploads\/2022\/10\/ardore-370x121.png 370w, https:\/\/dgvision.com.tr\/wp-content\/uploads\/2022\/10\/ardore-840x276.png 840w, https:\/\/dgvision.com.tr\/wp-content\/uploads\/2022\/10\/ardore-410x134.png 410w, https:\/\/dgvision.com.tr\/wp-content\/uploads\/2022\/10\/ardore-600x197.png 600w, https:\/\/dgvision.com.tr\/wp-content\/uploads\/2022\/10\/ardore.png 1253w\" sizes=\"(max-width: 896px) 100vw, 896px\" \/><\/p>","protected":false},"excerpt":{"rendered":"<div class=\"bt_bb_text\">\n<div class=\"page\" title=\"Page 9\">\n<div class=\"section\">\n<div class=\"layoutArea\">\n<div class=\"column\">\n<div class=\"page\" title=\"Page 15\">\n<div class=\"section\">\n<div class=\"layoutArea\">\n<div class=\"column\">\n<header class=\"bt_bb_headline bt_bb_dash_bottom bt_bb_size_normal bt_bb_subheadline bt_bb_align_inherit\">\n<pre class=\"bt_bb_headline_subheadline\"><em>Tasar\u0131m\u0131n \u00f6zg\u00fcrl\u00fc\u011fe yolculu\u011fu..<\/em><\/pre>\n<\/header>\n<p>Ardore, dik ac\u0327\u0131lar\u0131n ve keskin hatlar\u0131n gu\u0308ven telkin eden s\u0327\u0131kl\u0131g\u0306\u0131n\u0131 sunuyor. Kendine o\u0308zgu\u0308 kapak tasar\u0131m\u0131yla dikkat c\u0327eken u\u0308ru\u0308n, kullan\u0131ld\u0131g\u0306\u0131 mekan tamamlayacak estetig\u0306in yan\u0131 s\u0131ra verimlilig\u0306i ile de fark yaratacak.<\/p>\n<\/div>\n<\/div>\n<\/div>\n<\/div>\n<\/div>\n<\/div>\n<\/div>\n<\/div>\n<\/div>\n<div class=\"bt_bb_separator bt_bb_border_style_none bt_bb_top_spacing_normal bt_bb_bottom_spacing_normal\" data-bt-override-class=\"null\"><\/div>\n<div class=\"bt_bb_text\">\n<div class=\"page\" title=\"Page 13\">\n<table>\n<colgroup>\n<col \/>\n<col \/><\/colgroup>\n<tbody>\n<tr>\n<td>\n<div class=\"layoutArea\">\n<div class=\"column\">\n<p>Dilim Genis\u0327lig\u0306i \/ Slice Width<\/p>\n<\/div>\n<\/div>\n<\/td>\n<td>\n<div class=\"layoutArea\">\n<div class=\"column\">\n<p>50 mm<\/p>\n<\/div>\n<\/div>\n<\/td>\n<\/tr>\n<tr>\n<td>\n<div class=\"layoutArea\">\n<div class=\"column\">\n<p>Kal\u0131nl\u0131g\u0306\u0131 \/ Thickness<\/p>\n<\/div>\n<\/div>\n<\/td>\n<td>\n<div class=\"layoutArea\">\n<div class=\"column\">\n<p>50 mm<\/p>\n<\/div>\n<\/div>\n<\/td>\n<\/tr>\n<tr>\n<td>\n<div class=\"layoutArea\">\n<div class=\"column\">\n<p>Radyato\u0308r Boyu \/ Radiator Length<\/p>\n<\/div>\n<\/div>\n<\/td>\n<td>\n<div class=\"layoutArea\">\n<div class=\"column\">\n<p>(Dilim say\u0131s\u0131 \/ Number of slices X 50) + 6 mm<\/p>\n<\/div>\n<\/div>\n<\/td>\n<\/tr>\n<tr>\n<td>\n<div class=\"layoutArea\">\n<div class=\"column\">\n<p>Bag\u0306lant\u0131 C\u0327ap\u0131 \/ Connection Diameter<\/p>\n<\/div>\n<\/div>\n<\/td>\n<td>\n<div class=\"layoutArea\">\n<div class=\"column\">\n<p>1\/2\u201d<\/p>\n<\/div>\n<\/div>\n<\/td>\n<\/tr>\n<tr>\n<td>\n<div class=\"layoutArea\">\n<div class=\"column\">\n<p>Eksenler Aras\u0131 O\u0308lc\u0327u\u0308 \/ Axe Distance<\/p>\n<\/div>\n<\/div>\n<\/td>\n<td>\n<div class=\"layoutArea\">\n<div class=\"column\">\n<p>Yu\u0308kseklik \/ Height \u2013 40 mm<\/p>\n<\/div>\n<\/div>\n<\/td>\n<\/tr>\n<tr>\n<td>\n<div class=\"layoutArea\">\n<div class=\"column\">\n<p>Duvar \u2013 Eksen O\u0308lc\u0327u\u0308su\u0308 \/ Wall-Axe Distance<\/p>\n<\/div>\n<\/div>\n<\/td>\n<td>\n<div class=\"layoutArea\">\n<div class=\"column\">\n<p>50\/70 mm<\/p>\n<\/div>\n<\/div>\n<\/td>\n<\/tr>\n<tr>\n<td>\n<div class=\"layoutArea\">\n<div class=\"column\">\n<p>Duvar \u2013 Radyato\u0308r O\u0308nu\u0308 \/ Radiator Front<\/p>\n<\/div>\n<\/div>\n<\/td>\n<td>\n<div class=\"layoutArea\">\n<div class=\"column\">\n<p>75\/95 mm<\/p>\n<\/div>\n<\/div>\n<\/td>\n<\/tr>\n<\/tbody>\n<\/table>\n<\/div>\n<\/div>","protected":false},"featured_media":26065,"comment_status":"open","ping_status":"closed","template":"","meta":[],"product_brand":[],"product_cat":[218],"product_tag":[],"class_list":{"0":"post-22252","1":"product","2":"type-product","3":"status-publish","4":"has-post-thumbnail","6":"product_cat-aluminyum-radyator","8":"first","9":"instock","10":"shipping-taxable","11":"product-type-simple"},"_links":{"self":[{"href":"http:\/\/dgvision.com.tr\/en\/wp-json\/wp\/v2\/product\/22252","targetHints":{"allow":["GET"]}}],"collection":[{"href":"http:\/\/dgvision.com.tr\/en\/wp-json\/wp\/v2\/product"}],"about":[{"href":"http:\/\/dgvision.com.tr\/en\/wp-json\/wp\/v2\/types\/product"}],"replies":[{"embeddable":true,"href":"http:\/\/dgvision.com.tr\/en\/wp-json\/wp\/v2\/comments?post=22252"}],"wp:featuredmedia":[{"embeddable":true,"href":"http:\/\/dgvision.com.tr\/en\/wp-json\/wp\/v2\/media\/26065"}],"wp:attachment":[{"href":"http:\/\/dgvision.com.tr\/en\/wp-json\/wp\/v2\/media?parent=22252"}],"wp:term":[{"taxonomy":"product_brand","embeddable":true,"href":"http:\/\/dgvision.com.tr\/en\/wp-json\/wp\/v2\/product_brand?post=22252"},{"taxonomy":"product_cat","embeddable":true,"href":"http:\/\/dgvision.com.tr\/en\/wp-json\/wp\/v2\/product_cat?post=22252"},{"taxonomy":"product_tag","embeddable":true,"href":"http:\/\/dgvision.com.tr\/en\/wp-json\/wp\/v2\/product_tag?post=22252"}],"curies":[{"name":"wp","href":"https:\/\/api.w.org\/{rel}","templated":true}]}}