{"id":21987,"date":"2022-10-05T19:14:21","date_gmt":"2022-10-05T19:14:21","guid":{"rendered":"https:\/\/dgvision.com.tr\/?post_type=product&#038;p=21987"},"modified":"2026-03-18T08:29:18","modified_gmt":"2026-03-18T06:29:18","slug":"laviana","status":"publish","type":"product","link":"http:\/\/dgvision.com.tr\/en\/product\/laviana\/","title":{"rendered":"LAVIANA"},"content":{"rendered":"<p><img fetchpriority=\"high\" decoding=\"async\" class=\"alignnone wp-image-25996\" src=\"https:\/\/dgvision.com.tr\/wp-content\/uploads\/2022\/10\/laviana-teknik-640x217.png\" alt=\"\" width=\"740\" height=\"251\" srcset=\"https:\/\/dgvision.com.tr\/wp-content\/uploads\/2022\/10\/laviana-teknik-640x217.png 640w, https:\/\/dgvision.com.tr\/wp-content\/uploads\/2022\/10\/laviana-teknik-1280x434.png 1280w, https:\/\/dgvision.com.tr\/wp-content\/uploads\/2022\/10\/laviana-teknik-768x260.png 768w, https:\/\/dgvision.com.tr\/wp-content\/uploads\/2022\/10\/laviana-teknik-370x125.png 370w, https:\/\/dgvision.com.tr\/wp-content\/uploads\/2022\/10\/laviana-teknik-840x285.png 840w, https:\/\/dgvision.com.tr\/wp-content\/uploads\/2022\/10\/laviana-teknik-410x139.png 410w, https:\/\/dgvision.com.tr\/wp-content\/uploads\/2022\/10\/laviana-teknik-600x203.png 600w, https:\/\/dgvision.com.tr\/wp-content\/uploads\/2022\/10\/laviana-teknik.png 1452w\" sizes=\"(max-width: 740px) 100vw, 740px\" \/><\/p>","protected":false},"excerpt":{"rendered":"<div class=\"bt_bb_text\">\n<div class=\"page\" title=\"Page 9\">\n<div class=\"section\">\n<div class=\"layoutArea\">\n<div class=\"column\">\n<div class=\"page\" title=\"Page 15\">\n<div class=\"section\">\n<div class=\"layoutArea\">\n<div class=\"column\">\n<div class=\"page\" title=\"Page 23\">\n<div class=\"section\">\n<div class=\"layoutArea\">\n<div class=\"column\">\n<header class=\"bt_bb_headline bt_bb_dash_bottom bt_bb_size_normal bt_bb_subheadline bt_bb_align_inherit\">\n<pre class=\"bt_bb_headline_subheadline\"><em>Heryerde \u015f\u0131kl\u0131k i\u00e7in..<\/em><\/pre>\n<\/header>\n<p>Laviana, alu\u0308minyumun u\u0308stu\u0308n o\u0308zellikleriyle o\u0308ne c\u0327\u0131kan dayan\u0131kl\u0131l\u0131g\u0306\u0131, her yerde s\u0327\u0131kl\u0131k ilkesiyle birles\u0327tirerek tasarlanm\u0131s\u0327t\u0131r. Laviana\u2019y\u0131 hem uzun y\u0131llar kullanacak, hem de dekoratif yap\u0131s\u0131yla banyolar\u0131n\u0131za s\u0327\u0131kl\u0131k katacaks\u0131n\u0131z.<\/p>\n<\/div>\n<\/div>\n<\/div>\n<\/div>\n<\/div>\n<\/div>\n<\/div>\n<\/div>\n<\/div>\n<\/div>\n<\/div>\n<\/div>\n<\/div>\n<div class=\"bt_bb_separator bt_bb_border_style_none bt_bb_top_spacing_normal bt_bb_bottom_spacing_normal\" data-bt-override-class=\"null\"><\/div>\n<div class=\"bt_bb_text\">\n<div class=\"page\" title=\"Page 23\">\n<table>\n<colgroup>\n<col \/>\n<col \/><\/colgroup>\n<tbody>\n<tr>\n<td>\n<div class=\"layoutArea\">\n<div class=\"column\">\n<p>Bag\u0306lant\u0131 C\u0327ap\u0131 \/ Connection Diameter<\/p>\n<\/div>\n<\/div>\n<\/td>\n<td>\n<div class=\"layoutArea\">\n<div class=\"column\">\n<p>1\/2\u201d<\/p>\n<\/div>\n<\/div>\n<\/td>\n<\/tr>\n<tr>\n<td>\n<div class=\"layoutArea\">\n<div class=\"column\">\n<p>Duvar \u2013 Eksen O\u0308lc\u0327u\u0308su\u0308 \/ Wall-Axe Distance<\/p>\n<\/div>\n<\/div>\n<\/td>\n<td>\n<div class=\"layoutArea\">\n<div class=\"column\">\n<p>75\/95 mm<\/p>\n<\/div>\n<\/div>\n<\/td>\n<\/tr>\n<tr>\n<td>\n<div class=\"layoutArea\">\n<div class=\"column\">\n<p>Duvar \u2013 Radyato\u0308r O\u0308nu\u0308 \/ Radiator Front<\/p>\n<\/div>\n<\/div>\n<\/td>\n<td>\n<div class=\"layoutArea\">\n<div class=\"column\">\n<p>90 mm<\/p>\n<\/div>\n<\/div>\n<\/td>\n<\/tr>\n<\/tbody>\n<\/table>\n<\/div>\n<\/div>\n<div class=\"bt_bb_image bt_bb_shape_square bt_bb_target_self bt_bb_align_right bt_bb_hover_style_simple bt_bb_content_display_always bt_bb_content_align_middle\" data-bt-override-class=\"{}\"><\/div>","protected":false},"featured_media":26350,"comment_status":"open","ping_status":"closed","template":"","meta":[],"product_brand":[],"product_cat":[217],"product_tag":[],"class_list":{"0":"post-21987","1":"product","2":"type-product","3":"status-publish","4":"has-post-thumbnail","6":"product_cat-havlupan","8":"first","9":"instock","10":"shipping-taxable","11":"product-type-simple"},"_links":{"self":[{"href":"http:\/\/dgvision.com.tr\/en\/wp-json\/wp\/v2\/product\/21987","targetHints":{"allow":["GET"]}}],"collection":[{"href":"http:\/\/dgvision.com.tr\/en\/wp-json\/wp\/v2\/product"}],"about":[{"href":"http:\/\/dgvision.com.tr\/en\/wp-json\/wp\/v2\/types\/product"}],"replies":[{"embeddable":true,"href":"http:\/\/dgvision.com.tr\/en\/wp-json\/wp\/v2\/comments?post=21987"}],"wp:featuredmedia":[{"embeddable":true,"href":"http:\/\/dgvision.com.tr\/en\/wp-json\/wp\/v2\/media\/26350"}],"wp:attachment":[{"href":"http:\/\/dgvision.com.tr\/en\/wp-json\/wp\/v2\/media?parent=21987"}],"wp:term":[{"taxonomy":"product_brand","embeddable":true,"href":"http:\/\/dgvision.com.tr\/en\/wp-json\/wp\/v2\/product_brand?post=21987"},{"taxonomy":"product_cat","embeddable":true,"href":"http:\/\/dgvision.com.tr\/en\/wp-json\/wp\/v2\/product_cat?post=21987"},{"taxonomy":"product_tag","embeddable":true,"href":"http:\/\/dgvision.com.tr\/en\/wp-json\/wp\/v2\/product_tag?post=21987"}],"curies":[{"name":"wp","href":"https:\/\/api.w.org\/{rel}","templated":true}]}}