{"id":21985,"date":"2022-10-05T19:14:26","date_gmt":"2022-10-05T19:14:26","guid":{"rendered":"https:\/\/dgvision.com.tr\/?post_type=product&#038;p=21985"},"modified":"2026-03-09T14:30:19","modified_gmt":"2026-03-09T12:30:19","slug":"fervore","status":"publish","type":"product","link":"http:\/\/dgvision.com.tr\/en\/product\/fervore\/","title":{"rendered":"FERVORE"},"content":{"rendered":"<p><img fetchpriority=\"high\" decoding=\"async\" class=\"alignnone  wp-image-25984\" src=\"https:\/\/dgvision.com.tr\/wp-content\/uploads\/2022\/10\/fervore-640x212.png\" alt=\"\" width=\"827\" height=\"274\" srcset=\"https:\/\/dgvision.com.tr\/wp-content\/uploads\/2022\/10\/fervore-640x212.png 640w, https:\/\/dgvision.com.tr\/wp-content\/uploads\/2022\/10\/fervore-768x254.png 768w, https:\/\/dgvision.com.tr\/wp-content\/uploads\/2022\/10\/fervore-370x122.png 370w, https:\/\/dgvision.com.tr\/wp-content\/uploads\/2022\/10\/fervore-840x278.png 840w, https:\/\/dgvision.com.tr\/wp-content\/uploads\/2022\/10\/fervore-410x136.png 410w, https:\/\/dgvision.com.tr\/wp-content\/uploads\/2022\/10\/fervore-600x199.png 600w, https:\/\/dgvision.com.tr\/wp-content\/uploads\/2022\/10\/fervore.png 1272w\" sizes=\"(max-width: 827px) 100vw, 827px\" \/><\/p>","protected":false},"excerpt":{"rendered":"<div class=\"bt_bb_text\">\n<div class=\"page\" title=\"Page 9\">\n<div class=\"section\">\n<div class=\"layoutArea\">\n<div class=\"column\">\n<div class=\"page\" title=\"Page 15\">\n<div class=\"section\">\n<div class=\"layoutArea\">\n<div class=\"column\">\n<div class=\"page\" title=\"Page 19\">\n<div class=\"section\">\n<div class=\"layoutArea\">\n<div class=\"column\">\n<header class=\"bt_bb_headline bt_bb_dash_bottom bt_bb_size_normal bt_bb_subheadline bt_bb_align_inherit\">\n<pre class=\"bt_bb_headline_subheadline\"><em>Sadece \u00f6zeli hayal edenler i\u00e7in..<\/em><\/pre>\n<\/header>\n<p>Fervore, estetig\u0306in keskin hatlara yasland\u0131g\u0306\u0131 bir dig\u0306er u\u0308ru\u0308nu\u0308mu\u0308z. Bir konsept u\u0308ru\u0308n olarak tan\u0131m\u0131lad\u0131g\u0306\u0131m\u0131z Fervore kullan\u0131c\u0131lar\u0131na ko\u0308s\u0327eli yap\u0131s\u0131 ile sadelig\u0306i, duvara ve zemine ayakl\u0131 montaj sec\u0327eneg\u0306i ile de esneklig\u0306i sunmak ic\u0327in tasarland\u0131.<\/p>\n<\/div>\n<\/div>\n<\/div>\n<\/div>\n<\/div>\n<\/div>\n<\/div>\n<\/div>\n<\/div>\n<\/div>\n<\/div>\n<\/div>\n<\/div>\n<div class=\"bt_bb_separator bt_bb_border_style_none bt_bb_top_spacing_normal bt_bb_bottom_spacing_normal\" data-bt-override-class=\"null\"><\/div>\n<div class=\"bt_bb_text\">\n<div class=\"page\" title=\"Page 19\">\n<table>\n<colgroup>\n<col \/>\n<col \/><\/colgroup>\n<tbody>\n<tr>\n<td>\n<div class=\"layoutArea\">\n<div class=\"column\">\n<p>Dilim Genis\u0327lig\u0306i \/ Slice Width<\/p>\n<\/div>\n<\/div>\n<\/td>\n<td>\n<div class=\"layoutArea\">\n<div class=\"column\">\n<p>100 mm<\/p>\n<\/div>\n<\/div>\n<\/td>\n<\/tr>\n<tr>\n<td>\n<div class=\"layoutArea\">\n<div class=\"column\">\n<p>Kal\u0131nl\u0131g\u0306\u0131 \/ Thickness<\/p>\n<\/div>\n<\/div>\n<\/td>\n<td>\n<div class=\"layoutArea\">\n<div class=\"column\">\n<p>80 mm<\/p>\n<\/div>\n<\/div>\n<\/td>\n<\/tr>\n<tr>\n<td>\n<div class=\"layoutArea\">\n<div class=\"column\">\n<p>Radyato\u0308r Boyu \/ Radiator Length<\/p>\n<\/div>\n<\/div>\n<\/td>\n<td>\n<div class=\"layoutArea\">\n<div class=\"column\">\n<p>(Dilim say\u0131s\u0131 \/ Number of slices X 100) + 6 mm<\/p>\n<\/div>\n<\/div>\n<\/td>\n<\/tr>\n<tr>\n<td>\n<div class=\"layoutArea\">\n<div class=\"column\">\n<p>Bag\u0306lant\u0131 C\u0327ap\u0131 \/ Connection Diameter<\/p>\n<\/div>\n<\/div>\n<\/td>\n<td>\n<div class=\"layoutArea\">\n<div class=\"column\">\n<p>1\/2\u201d<\/p>\n<\/div>\n<\/div>\n<\/td>\n<\/tr>\n<tr>\n<td>\n<div class=\"layoutArea\">\n<div class=\"column\">\n<p>Eksenler Aras\u0131 O\u0308lc\u0327u\u0308 \/ Axe Distance<\/p>\n<\/div>\n<\/div>\n<\/td>\n<td>\n<div class=\"layoutArea\">\n<div class=\"column\">\n<p>Yu\u0308kseklik \/ Height \u2013 40 mm<\/p>\n<\/div>\n<\/div>\n<\/td>\n<\/tr>\n<tr>\n<td>\n<div class=\"layoutArea\">\n<div class=\"column\">\n<p>Duvar \u2013 Eksen O\u0308lc\u0327u\u0308su\u0308 \/ Wall-Axe Distance<\/p>\n<\/div>\n<\/div>\n<\/td>\n<td>\n<div class=\"layoutArea\">\n<div class=\"column\">\n<p>65\/85 mm<\/p>\n<\/div>\n<\/div>\n<\/td>\n<\/tr>\n<tr>\n<td>\n<div class=\"layoutArea\">\n<div class=\"column\">\n<p>Duvar \u2013 Radyato\u0308r O\u0308nu\u0308 \/ Radiator Front<\/p>\n<\/div>\n<\/div>\n<\/td>\n<td>\n<div class=\"layoutArea\">\n<div class=\"column\">\n<p>90\/110 mm<\/p>\n<\/div>\n<\/div>\n<\/td>\n<\/tr>\n<\/tbody>\n<\/table>\n<\/div>\n<\/div>","protected":false},"featured_media":25985,"comment_status":"open","ping_status":"closed","template":"","meta":[],"product_brand":[],"product_cat":[218],"product_tag":[],"class_list":{"0":"post-21985","1":"product","2":"type-product","3":"status-publish","4":"has-post-thumbnail","6":"product_cat-aluminyum-radyator","8":"first","9":"instock","10":"shipping-taxable","11":"product-type-simple"},"_links":{"self":[{"href":"http:\/\/dgvision.com.tr\/en\/wp-json\/wp\/v2\/product\/21985","targetHints":{"allow":["GET"]}}],"collection":[{"href":"http:\/\/dgvision.com.tr\/en\/wp-json\/wp\/v2\/product"}],"about":[{"href":"http:\/\/dgvision.com.tr\/en\/wp-json\/wp\/v2\/types\/product"}],"replies":[{"embeddable":true,"href":"http:\/\/dgvision.com.tr\/en\/wp-json\/wp\/v2\/comments?post=21985"}],"wp:featuredmedia":[{"embeddable":true,"href":"http:\/\/dgvision.com.tr\/en\/wp-json\/wp\/v2\/media\/25985"}],"wp:attachment":[{"href":"http:\/\/dgvision.com.tr\/en\/wp-json\/wp\/v2\/media?parent=21985"}],"wp:term":[{"taxonomy":"product_brand","embeddable":true,"href":"http:\/\/dgvision.com.tr\/en\/wp-json\/wp\/v2\/product_brand?post=21985"},{"taxonomy":"product_cat","embeddable":true,"href":"http:\/\/dgvision.com.tr\/en\/wp-json\/wp\/v2\/product_cat?post=21985"},{"taxonomy":"product_tag","embeddable":true,"href":"http:\/\/dgvision.com.tr\/en\/wp-json\/wp\/v2\/product_tag?post=21985"}],"curies":[{"name":"wp","href":"https:\/\/api.w.org\/{rel}","templated":true}]}}