{"id":21981,"date":"2022-10-05T19:08:39","date_gmt":"2022-10-05T19:08:39","guid":{"rendered":"https:\/\/dgvision.com.tr\/?post_type=product&#038;p=21981"},"modified":"2026-03-09T13:56:57","modified_gmt":"2026-03-09T11:56:57","slug":"lavirad","status":"publish","type":"product","link":"http:\/\/dgvision.com.tr\/en\/product\/lavirad\/","title":{"rendered":"LAVIRAD"},"content":{"rendered":"<p><img fetchpriority=\"high\" decoding=\"async\" class=\"alignnone size-medium wp-image-26008\" src=\"https:\/\/dgvision.com.tr\/wp-content\/uploads\/2022\/10\/lavirad-640x213.png\" alt=\"\" width=\"640\" height=\"213\" srcset=\"https:\/\/dgvision.com.tr\/wp-content\/uploads\/2022\/10\/lavirad-640x213.png 640w, https:\/\/dgvision.com.tr\/wp-content\/uploads\/2022\/10\/lavirad-1280x425.png 1280w, https:\/\/dgvision.com.tr\/wp-content\/uploads\/2022\/10\/lavirad-768x255.png 768w, https:\/\/dgvision.com.tr\/wp-content\/uploads\/2022\/10\/lavirad-370x123.png 370w, https:\/\/dgvision.com.tr\/wp-content\/uploads\/2022\/10\/lavirad-840x279.png 840w, https:\/\/dgvision.com.tr\/wp-content\/uploads\/2022\/10\/lavirad-410x136.png 410w, https:\/\/dgvision.com.tr\/wp-content\/uploads\/2022\/10\/lavirad-600x199.png 600w, https:\/\/dgvision.com.tr\/wp-content\/uploads\/2022\/10\/lavirad.png 1400w\" sizes=\"(max-width: 640px) 100vw, 640px\" \/><\/p>","protected":false},"excerpt":{"rendered":"<div class=\"bt_bb_text\">\n<div class=\"page\" title=\"Page 9\">\n<div class=\"section\">\n<div class=\"layoutArea\">\n<div class=\"column\">\n<div class=\"page\" title=\"Page 15\">\n<div class=\"section\">\n<div class=\"layoutArea\">\n<div class=\"column\">\n<div class=\"page\" title=\"Page 23\">\n<div class=\"section\">\n<div class=\"layoutArea\">\n<div class=\"column\">\n<div class=\"page\" title=\"Page 25\">\n<div class=\"section\">\n<div class=\"layoutArea\">\n<div class=\"column\">\n<header class=\"bt_bb_headline bt_bb_dash_bottom bt_bb_size_normal bt_bb_subheadline bt_bb_align_inherit\">\n<pre class=\"bt_bb_headline_subheadline\"><em>S\u0131cakl\u0131\u011f\u0131 her y\u00f6n\u00fcyle ya\u015famak i\u00e7in..<\/em><\/pre>\n<\/header>\n<p>Lavirad tasar\u0131m\u0131nda sentezin imzas\u0131 olarak vu\u0308cut buluyor. Laviana ve Arina modellerinin estetig\u0306ini bu\u0308nyesinde bar\u0131nd\u0131ran u\u0308ru\u0308n, o\u0308zellikle bu\u0308yu\u0308k banyolar ic\u0327in o\u0308zel olarak haz\u0131rland\u0131. Muadillerinden c\u0327ok farkl\u0131 bir yap\u0131ya sahip olan Lavirad yu\u0308ksek \u0131s\u0131 tercihlerine c\u0327ag\u0306das\u0327 dizayn\u0131 amac\u0327 edinen o\u0308zel yap\u0131s\u0131 ile cevap verecek s\u0327ekilde tasarland\u0131.<\/p>\n<\/div>\n<\/div>\n<\/div>\n<\/div>\n<\/div>\n<\/div>\n<\/div>\n<\/div>\n<\/div>\n<\/div>\n<\/div>\n<\/div>\n<\/div>\n<\/div>\n<\/div>\n<\/div>\n<\/div>\n<div class=\"bt_bb_separator bt_bb_border_style_none bt_bb_top_spacing_normal bt_bb_bottom_spacing_normal\" data-bt-override-class=\"null\"><\/div>\n<div class=\"bt_bb_text\">\n<div class=\"page\" title=\"Page 23\">\n<table>\n<colgroup>\n<col \/>\n<col \/><\/colgroup>\n<tbody>\n<tr>\n<td>\n<div class=\"layoutArea\">\n<div class=\"column\">\n<p>Bag\u0306lant\u0131 C\u0327ap\u0131 \/ Connection Diameter<\/p>\n<\/div>\n<\/div>\n<\/td>\n<td>\n<div class=\"layoutArea\">\n<div class=\"column\">\n<p>1\/2\u201d<\/p>\n<\/div>\n<\/div>\n<\/td>\n<\/tr>\n<tr>\n<td>\n<div class=\"layoutArea\">\n<div class=\"column\">\n<p>Duvar \u2013 Eksen O\u0308lc\u0327u\u0308su\u0308 \/ Wall-Axe Distance<\/p>\n<\/div>\n<\/div>\n<\/td>\n<td>\n<div class=\"layoutArea\">\n<div class=\"column\">\n<p>75 mm<\/p>\n<\/div>\n<\/div>\n<\/td>\n<\/tr>\n<tr>\n<td>\n<div class=\"layoutArea\">\n<div class=\"column\">\n<p>Duvar \u2013 Radyato\u0308r O\u0308nu\u0308 \/ Radiator Front<\/p>\n<\/div>\n<\/div>\n<\/td>\n<td>\n<div class=\"layoutArea\">\n<div class=\"column\">\n<p>90 mm<\/p>\n<\/div>\n<\/div>\n<\/td>\n<\/tr>\n<\/tbody>\n<\/table>\n<\/div>\n<\/div>","protected":false},"featured_media":26010,"comment_status":"open","ping_status":"closed","template":"","meta":[],"product_brand":[],"product_cat":[217],"product_tag":[],"class_list":{"0":"post-21981","1":"product","2":"type-product","3":"status-publish","4":"has-post-thumbnail","6":"product_cat-havlupan","8":"first","9":"instock","10":"shipping-taxable","11":"product-type-simple"},"_links":{"self":[{"href":"http:\/\/dgvision.com.tr\/en\/wp-json\/wp\/v2\/product\/21981","targetHints":{"allow":["GET"]}}],"collection":[{"href":"http:\/\/dgvision.com.tr\/en\/wp-json\/wp\/v2\/product"}],"about":[{"href":"http:\/\/dgvision.com.tr\/en\/wp-json\/wp\/v2\/types\/product"}],"replies":[{"embeddable":true,"href":"http:\/\/dgvision.com.tr\/en\/wp-json\/wp\/v2\/comments?post=21981"}],"wp:featuredmedia":[{"embeddable":true,"href":"http:\/\/dgvision.com.tr\/en\/wp-json\/wp\/v2\/media\/26010"}],"wp:attachment":[{"href":"http:\/\/dgvision.com.tr\/en\/wp-json\/wp\/v2\/media?parent=21981"}],"wp:term":[{"taxonomy":"product_brand","embeddable":true,"href":"http:\/\/dgvision.com.tr\/en\/wp-json\/wp\/v2\/product_brand?post=21981"},{"taxonomy":"product_cat","embeddable":true,"href":"http:\/\/dgvision.com.tr\/en\/wp-json\/wp\/v2\/product_cat?post=21981"},{"taxonomy":"product_tag","embeddable":true,"href":"http:\/\/dgvision.com.tr\/en\/wp-json\/wp\/v2\/product_tag?post=21981"}],"curies":[{"name":"wp","href":"https:\/\/api.w.org\/{rel}","templated":true}]}}