{"id":21886,"date":"2022-10-05T12:04:23","date_gmt":"2022-10-05T12:04:23","guid":{"rendered":"https:\/\/dgvision.com.tr\/?post_type=product&#038;p=21886"},"modified":"2026-03-09T14:01:00","modified_gmt":"2026-03-09T12:01:00","slug":"gloria","status":"publish","type":"product","link":"http:\/\/dgvision.com.tr\/en\/product\/gloria\/","title":{"rendered":"GLORIA"},"content":{"rendered":"<p><img fetchpriority=\"high\" decoding=\"async\" class=\"alignnone  wp-image-26025\" src=\"https:\/\/dgvision.com.tr\/wp-content\/uploads\/2022\/10\/gloria-teknik-640x210.png\" alt=\"\" width=\"677\" height=\"222\" srcset=\"https:\/\/dgvision.com.tr\/wp-content\/uploads\/2022\/10\/gloria-teknik-640x210.png 640w, https:\/\/dgvision.com.tr\/wp-content\/uploads\/2022\/10\/gloria-teknik-1280x421.png 1280w, https:\/\/dgvision.com.tr\/wp-content\/uploads\/2022\/10\/gloria-teknik-768x253.png 768w, https:\/\/dgvision.com.tr\/wp-content\/uploads\/2022\/10\/gloria-teknik-370x122.png 370w, https:\/\/dgvision.com.tr\/wp-content\/uploads\/2022\/10\/gloria-teknik-840x276.png 840w, https:\/\/dgvision.com.tr\/wp-content\/uploads\/2022\/10\/gloria-teknik-410x135.png 410w, https:\/\/dgvision.com.tr\/wp-content\/uploads\/2022\/10\/gloria-teknik-600x197.png 600w, https:\/\/dgvision.com.tr\/wp-content\/uploads\/2022\/10\/gloria-teknik.png 1332w\" sizes=\"(max-width: 677px) 100vw, 677px\" \/><\/p>","protected":false},"excerpt":{"rendered":"<div class=\"bt_bb_text\">\n<header class=\"bt_bb_headline bt_bb_dash_bottom bt_bb_size_normal bt_bb_subheadline bt_bb_align_inherit\">\n<pre class=\"bt_bb_headline_subheadline\"><em>Keskin detaylar\u0131n zerafeti...<\/em><\/pre>\n<\/header>\n<p>GLORIA, incelig\u0306in sundug\u0306u estetig\u0306i havlupanla bulus\u0327turuyor. Minimalist yap\u0131s\u0131 ve c\u0327izgileriyle GLORIA, estetig\u0306inin yan\u0131nda keskin hatlar\u0131yla banyolar\u0131n\u0131za s\u0327\u0131kl\u0131k katmak ic\u0327in haz\u0131r sizleri bekliyor.<\/p>\n<\/div>\n<div class=\"bt_bb_separator bt_bb_border_style_none bt_bb_top_spacing_normal bt_bb_bottom_spacing_normal\" data-bt-override-class=\"null\"><\/div>\n<div class=\"bt_bb_text\">\n<div class=\"page\" title=\"Page 27\">\n<table>\n<colgroup>\n<col \/>\n<col \/><\/colgroup>\n<tbody>\n<tr>\n<td>\n<div class=\"layoutArea\">\n<div class=\"column\">\n<p>Bag\u0306lant\u0131 C\u0327ap\u0131 \/ Connection Diameter<\/p>\n<\/div>\n<\/div>\n<\/td>\n<td>\n<div class=\"layoutArea\">\n<div class=\"column\">\n<p>1\/2\u201d<\/p>\n<\/div>\n<\/div>\n<\/td>\n<\/tr>\n<tr>\n<td>\n<div class=\"layoutArea\">\n<div class=\"column\">\n<p>Duvar \u2013 Eksen O\u0308lc\u0327u\u0308su\u0308 \/ Wall-Axe Distance<\/p>\n<\/div>\n<\/div>\n<\/td>\n<td>\n<div class=\"layoutArea\">\n<div class=\"column\">\n<p>75 mm<\/p>\n<\/div>\n<\/div>\n<\/td>\n<\/tr>\n<tr>\n<td>\n<div class=\"layoutArea\">\n<div class=\"column\">\n<p>Duvar \u2013 Radyato\u0308r O\u0308nu\u0308 \/ Radiator Front<\/p>\n<\/div>\n<\/div>\n<\/td>\n<td>\n<div class=\"layoutArea\">\n<div class=\"column\">\n<p>90 mm<\/p>\n<\/div>\n<\/div>\n<\/td>\n<\/tr>\n<\/tbody>\n<\/table>\n<\/div>\n<\/div>","protected":false},"featured_media":26027,"comment_status":"open","ping_status":"closed","template":"","meta":[],"product_brand":[],"product_cat":[217],"product_tag":[],"class_list":{"0":"post-21886","1":"product","2":"type-product","3":"status-publish","4":"has-post-thumbnail","6":"product_cat-havlupan","8":"first","9":"instock","10":"shipping-taxable","11":"product-type-simple"},"_links":{"self":[{"href":"http:\/\/dgvision.com.tr\/en\/wp-json\/wp\/v2\/product\/21886","targetHints":{"allow":["GET"]}}],"collection":[{"href":"http:\/\/dgvision.com.tr\/en\/wp-json\/wp\/v2\/product"}],"about":[{"href":"http:\/\/dgvision.com.tr\/en\/wp-json\/wp\/v2\/types\/product"}],"replies":[{"embeddable":true,"href":"http:\/\/dgvision.com.tr\/en\/wp-json\/wp\/v2\/comments?post=21886"}],"wp:featuredmedia":[{"embeddable":true,"href":"http:\/\/dgvision.com.tr\/en\/wp-json\/wp\/v2\/media\/26027"}],"wp:attachment":[{"href":"http:\/\/dgvision.com.tr\/en\/wp-json\/wp\/v2\/media?parent=21886"}],"wp:term":[{"taxonomy":"product_brand","embeddable":true,"href":"http:\/\/dgvision.com.tr\/en\/wp-json\/wp\/v2\/product_brand?post=21886"},{"taxonomy":"product_cat","embeddable":true,"href":"http:\/\/dgvision.com.tr\/en\/wp-json\/wp\/v2\/product_cat?post=21886"},{"taxonomy":"product_tag","embeddable":true,"href":"http:\/\/dgvision.com.tr\/en\/wp-json\/wp\/v2\/product_tag?post=21886"}],"curies":[{"name":"wp","href":"https:\/\/api.w.org\/{rel}","templated":true}]}}