{"id":21885,"date":"2022-10-05T12:04:17","date_gmt":"2022-10-05T12:04:17","guid":{"rendered":"https:\/\/dgvision.com.tr\/?post_type=product&#038;p=21885"},"modified":"2026-03-18T08:31:24","modified_gmt":"2026-03-18T06:31:24","slug":"mira","status":"publish","type":"product","link":"http:\/\/dgvision.com.tr\/en\/product\/mira\/","title":{"rendered":"MIRA"},"content":{"rendered":"<p><img fetchpriority=\"high\" decoding=\"async\" class=\"alignnone size-medium wp-image-26031\" src=\"https:\/\/dgvision.com.tr\/wp-content\/uploads\/2022\/10\/mira-640x214.png\" alt=\"\" width=\"640\" height=\"214\" srcset=\"https:\/\/dgvision.com.tr\/wp-content\/uploads\/2022\/10\/mira-640x214.png 640w, https:\/\/dgvision.com.tr\/wp-content\/uploads\/2022\/10\/mira-1280x428.png 1280w, https:\/\/dgvision.com.tr\/wp-content\/uploads\/2022\/10\/mira-768x257.png 768w, https:\/\/dgvision.com.tr\/wp-content\/uploads\/2022\/10\/mira-370x124.png 370w, https:\/\/dgvision.com.tr\/wp-content\/uploads\/2022\/10\/mira-840x281.png 840w, https:\/\/dgvision.com.tr\/wp-content\/uploads\/2022\/10\/mira-410x137.png 410w, https:\/\/dgvision.com.tr\/wp-content\/uploads\/2022\/10\/mira-600x200.png 600w, https:\/\/dgvision.com.tr\/wp-content\/uploads\/2022\/10\/mira.png 1359w\" sizes=\"(max-width: 640px) 100vw, 640px\" \/><\/p>","protected":false},"excerpt":{"rendered":"<div class=\"bt_bb_text\">\n<header class=\"bt_bb_headline bt_bb_dash_bottom bt_bb_size_normal bt_bb_subheadline bt_bb_align_inherit\">\n<pre class=\"bt_bb_headline_subheadline\"><em>Yumu\u015fak ve \u015f\u0131k dokunu\u015flar..<\/em><\/pre>\n<\/header>\n<p>MI\u0307RA, s\u0327\u0131k tasar\u0131m\u0131 ile \u0131s\u0131tmaya estetikten bas\u0327l\u0131yor. Oval hatl\u0131 dilimleri ile u\u0308ru\u0308nu\u0308mu\u0308z is\u0327levsellikle yetinemeyenler ic\u0327in o\u0308zel olarak tasarland\u0131. Yumus\u0327ak ve s\u0327\u0131k go\u0308ru\u0308ntu\u0308su\u0308 sayesinde c\u0327ok tercih edilen bir model olan MI\u0307RA banyolarda zarif bir parc\u0327a olarak ak\u0131llarda yer etmektedir.<\/p>\n<\/div>\n<div class=\"bt_bb_separator bt_bb_border_style_none bt_bb_top_spacing_normal bt_bb_bottom_spacing_normal\" data-bt-override-class=\"null\"><\/div>\n<div class=\"bt_bb_text\">\n<div class=\"page\" title=\"Page 29\">\n<table>\n<colgroup>\n<col \/>\n<col \/><\/colgroup>\n<tbody>\n<tr>\n<td>\n<div class=\"layoutArea\">\n<div class=\"column\">\n<p>Bag\u0306lant\u0131 C\u0327ap\u0131 \/ Connection Diameter<\/p>\n<\/div>\n<\/div>\n<\/td>\n<td>\n<div class=\"layoutArea\">\n<div class=\"column\">\n<p>1\/2\u201d<\/p>\n<\/div>\n<\/div>\n<\/td>\n<\/tr>\n<tr>\n<td>\n<div class=\"layoutArea\">\n<div class=\"column\">\n<p>Duvar \u2013 Eksen O\u0308lc\u0327u\u0308su\u0308 \/ Wall-Axe Distance<\/p>\n<\/div>\n<\/div>\n<\/td>\n<td>\n<div class=\"layoutArea\">\n<div class=\"column\">\n<p>75 m<\/p>\n<\/div>\n<\/div>\n<\/td>\n<\/tr>\n<\/tbody>\n<\/table>\n<\/div>\n<\/div>","protected":false},"featured_media":26352,"comment_status":"open","ping_status":"closed","template":"","meta":[],"product_brand":[],"product_cat":[217],"product_tag":[],"class_list":{"0":"post-21885","1":"product","2":"type-product","3":"status-publish","4":"has-post-thumbnail","6":"product_cat-havlupan","8":"first","9":"instock","10":"shipping-taxable","11":"product-type-simple"},"_links":{"self":[{"href":"http:\/\/dgvision.com.tr\/en\/wp-json\/wp\/v2\/product\/21885","targetHints":{"allow":["GET"]}}],"collection":[{"href":"http:\/\/dgvision.com.tr\/en\/wp-json\/wp\/v2\/product"}],"about":[{"href":"http:\/\/dgvision.com.tr\/en\/wp-json\/wp\/v2\/types\/product"}],"replies":[{"embeddable":true,"href":"http:\/\/dgvision.com.tr\/en\/wp-json\/wp\/v2\/comments?post=21885"}],"wp:featuredmedia":[{"embeddable":true,"href":"http:\/\/dgvision.com.tr\/en\/wp-json\/wp\/v2\/media\/26352"}],"wp:attachment":[{"href":"http:\/\/dgvision.com.tr\/en\/wp-json\/wp\/v2\/media?parent=21885"}],"wp:term":[{"taxonomy":"product_brand","embeddable":true,"href":"http:\/\/dgvision.com.tr\/en\/wp-json\/wp\/v2\/product_brand?post=21885"},{"taxonomy":"product_cat","embeddable":true,"href":"http:\/\/dgvision.com.tr\/en\/wp-json\/wp\/v2\/product_cat?post=21885"},{"taxonomy":"product_tag","embeddable":true,"href":"http:\/\/dgvision.com.tr\/en\/wp-json\/wp\/v2\/product_tag?post=21885"}],"curies":[{"name":"wp","href":"https:\/\/api.w.org\/{rel}","templated":true}]}}