{"id":21884,"date":"2022-10-05T12:04:10","date_gmt":"2022-10-05T12:04:10","guid":{"rendered":"https:\/\/dgvision.com.tr\/?post_type=product&#038;p=21884"},"modified":"2026-04-26T16:32:16","modified_gmt":"2026-04-26T14:32:16","slug":"echo-pan","status":"publish","type":"product","link":"http:\/\/dgvision.com.tr\/en\/product\/echo-pan\/","title":{"rendered":"ECHO PAN"},"content":{"rendered":"<p><img fetchpriority=\"high\" decoding=\"async\" class=\"alignnone size-medium wp-image-26047\" src=\"https:\/\/dgvision.com.tr\/wp-content\/uploads\/2022\/10\/echopan-teknik-640x212.png\" alt=\"\" width=\"640\" height=\"212\" srcset=\"https:\/\/dgvision.com.tr\/wp-content\/uploads\/2022\/10\/echopan-teknik-640x212.png 640w, https:\/\/dgvision.com.tr\/wp-content\/uploads\/2022\/10\/echopan-teknik-1280x423.png 1280w, https:\/\/dgvision.com.tr\/wp-content\/uploads\/2022\/10\/echopan-teknik-768x254.png 768w, https:\/\/dgvision.com.tr\/wp-content\/uploads\/2022\/10\/echopan-teknik-370x122.png 370w, https:\/\/dgvision.com.tr\/wp-content\/uploads\/2022\/10\/echopan-teknik-840x278.png 840w, https:\/\/dgvision.com.tr\/wp-content\/uploads\/2022\/10\/echopan-teknik-410x136.png 410w, https:\/\/dgvision.com.tr\/wp-content\/uploads\/2022\/10\/echopan-teknik-600x198.png 600w, https:\/\/dgvision.com.tr\/wp-content\/uploads\/2022\/10\/echopan-teknik.png 1373w\" sizes=\"(max-width: 640px) 100vw, 640px\" \/><\/p>","protected":false},"excerpt":{"rendered":"<div class=\"bt_bb_text\">\n<pre><em>Ah\u015fap tasar\u0131m\u0131n do\u011fal ve ihti\u015faml\u0131 g\u00f6r\u00fcnt\u00fcs\u00fc..<\/em><\/pre>\n<p>ECHOPAN ahs\u0327ab\u0131n s\u0131cak ve zarif go\u0308ru\u0308ntu\u0308su\u0308nu\u0308 banyolar\u0131n\u0131za tas\u0327\u0131yor. Dog\u0306al ve ihtis\u0327aml\u0131 hali lu\u0308ks ve estetik ortamlar yaratmak ic\u0327in ideal bir sec\u0327im olacak. Mu\u0308kemmel tasar\u0131m\u0131 ise s\u0131radan havlupanlardan fark\u0131n\u0131 ilk bak\u0131s\u0327ta hissettirerek tu\u0308m dikkatleri u\u0308zerine c\u0327ekecek.<\/p>\n<\/div>\n<div class=\"bt_bb_separator bt_bb_border_style_none bt_bb_top_spacing_normal bt_bb_bottom_spacing_normal\" data-bt-override-class=\"null\"><\/div>\n<div class=\"bt_bb_text\">\n<div class=\"page\" title=\"Page 31\">\n<table>\n<colgroup>\n<col \/>\n<col \/><\/colgroup>\n<tbody>\n<tr>\n<td>\n<div class=\"layoutArea\">\n<div class=\"column\">\n<p>Bag\u0306lant\u0131 C\u0327ap\u0131 \/ Connection Diameter<\/p>\n<\/div>\n<\/div>\n<\/td>\n<td>\n<div class=\"layoutArea\">\n<div class=\"column\">\n<p>1\/2\u201d<\/p>\n<\/div>\n<\/div>\n<\/td>\n<\/tr>\n<tr>\n<td>\n<div class=\"layoutArea\">\n<div class=\"column\">\n<p>Duvar \u2013 Eksen O\u0308lc\u0327u\u0308su\u0308 \/ Wall-Axe Distance<\/p>\n<\/div>\n<\/div>\n<\/td>\n<td>\n<div class=\"layoutArea\">\n<div class=\"column\">\n<p>75 mm<\/p>\n<\/div>\n<\/div>\n<\/td>\n<\/tr>\n<tr>\n<td>\n<div class=\"layoutArea\">\n<div class=\"column\">\n<p>Duvar \u2013 Radyato\u0308r O\u0308nu\u0308 \/ Radiator Front<\/p>\n<\/div>\n<\/div>\n<\/td>\n<td>\n<div class=\"layoutArea\">\n<div class=\"column\">\n<p>90 mm<\/p>\n<\/div>\n<\/div>\n<\/td>\n<\/tr>\n<\/tbody>\n<\/table>\n<\/div>\n<\/div>","protected":false},"featured_media":26045,"comment_status":"open","ping_status":"closed","template":"","meta":[],"product_brand":[],"product_cat":[217],"product_tag":[],"class_list":{"0":"post-21884","1":"product","2":"type-product","3":"status-publish","4":"has-post-thumbnail","6":"product_cat-havlupan","8":"first","9":"instock","10":"shipping-taxable","11":"product-type-simple"},"_links":{"self":[{"href":"http:\/\/dgvision.com.tr\/en\/wp-json\/wp\/v2\/product\/21884","targetHints":{"allow":["GET"]}}],"collection":[{"href":"http:\/\/dgvision.com.tr\/en\/wp-json\/wp\/v2\/product"}],"about":[{"href":"http:\/\/dgvision.com.tr\/en\/wp-json\/wp\/v2\/types\/product"}],"replies":[{"embeddable":true,"href":"http:\/\/dgvision.com.tr\/en\/wp-json\/wp\/v2\/comments?post=21884"}],"wp:featuredmedia":[{"embeddable":true,"href":"http:\/\/dgvision.com.tr\/en\/wp-json\/wp\/v2\/media\/26045"}],"wp:attachment":[{"href":"http:\/\/dgvision.com.tr\/en\/wp-json\/wp\/v2\/media?parent=21884"}],"wp:term":[{"taxonomy":"product_brand","embeddable":true,"href":"http:\/\/dgvision.com.tr\/en\/wp-json\/wp\/v2\/product_brand?post=21884"},{"taxonomy":"product_cat","embeddable":true,"href":"http:\/\/dgvision.com.tr\/en\/wp-json\/wp\/v2\/product_cat?post=21884"},{"taxonomy":"product_tag","embeddable":true,"href":"http:\/\/dgvision.com.tr\/en\/wp-json\/wp\/v2\/product_tag?post=21884"}],"curies":[{"name":"wp","href":"https:\/\/api.w.org\/{rel}","templated":true}]}}